{"id":1168,"date":"2018-03-02T10:51:30","date_gmt":"2018-03-02T08:51:30","guid":{"rendered":"http:\/\/2018.profil-gmbh.net\/?page_id=1168"},"modified":"2019-11-18T22:28:21","modified_gmt":"2019-11-18T20:28:21","slug":"news","status":"publish","type":"page","link":"https:\/\/www.profil-gmbh.net\/?page_id=1168","title":{"rendered":"NEWS"},"content":{"rendered":"<div class=\"fusion-fullwidth fullwidth-box fusion-blend-mode nonhundred-percent-fullwidth non-hundred-percent-height-scrolling\"  style='background-color: rgba(0,0,0,0.04);background-position: center center;background-repeat: no-repeat;padding-top:0px;padding-right:0px;padding-bottom:10px;padding-left:10px;'><div class=\"fusion-builder-row fusion-row \"><div  class=\"fusion-layout-column fusion_builder_column fusion_builder_column_1_1 fusion-builder-column-1 fusion-one-full fusion-column-first fusion-column-last fusion-column-no-min-height 1_1\"  style='margin-top:0px;margin-bottom:0px;'>\n\t\t\t\t\t<div class=\"fusion-column-wrapper\" style=\"padding: 20px 0px 0px 0px;background-position:left top;background-repeat:no-repeat;-webkit-background-size:cover;-moz-background-size:cover;-o-background-size:cover;background-size:cover;\"   data-bg-url=\"\">\n\t\t\t\t\t\t<div class=\"fusion-text\"><h2 style=\"text-align: center;\"><span style=\"color: #000000;\">NEWS<\/span><\/h2>\n<\/div><div class=\"fusion-clearfix\"><\/div>\n\n\t\t\t\t\t<\/div>\n\t\t\t\t<\/div><div  class=\"fusion-layout-column fusion_builder_column fusion_builder_column_1_1 fusion-builder-column-2 fusion-one-full fusion-column-first fusion-column-last fusion-column-no-min-height 1_1\"  style='margin-top:0px;margin-bottom:0px;'>\n\t\t\t\t\t<div class=\"fusion-column-wrapper\" style=\"padding: 0px 0px 0px 0px;background-position:left top;background-repeat:no-repeat;-webkit-background-size:cover;-moz-background-size:cover;-o-background-size:cover;background-size:cover;\"   data-bg-url=\"\">\n\t\t\t\t\t\t<div class=\"fusion-blog-shortcode fusion-blog-shortcode-1 fusion-blog-archive fusion-blog-layout-large fusion-blog-pagination\"><div class=\"fusion-posts-container fusion-posts-container-pagination fusion-no-meta-info fusion-blog-rollover\" data-pages=\"9\"><article id=\"blog-1-post-2148\" class=\"fusion-post-large post-2148 post type-post status-publish format-image has-post-thumbnail hentry category-sonstiges post_format-post-format-image\">\n\t<style type=\"text\/css\">\n\t\t\n\t\t\n\t\t\n\t\t\n\t\t\t<\/style>\n\n\n\t\t\t<div class=\"fusion-flexslider flexslider fusion-flexslider-loading fusion-post-slideshow\" style=\"\">\n\t\t<ul class=\"slides\">\n\t\t\t\n\t\t\t\t\t\t\t\t\t\t\t\t\t\t<li>\n\n<div  class=\"fusion-image-wrapper\" aria-haspopup=\"true\">\n\t\n\t\n\t\t\n\t\t\t\t\t<img loading=\"lazy\" decoding=\"async\" width=\"1920\" height=\"1280\" src=\"https:\/\/www.profil-gmbh.net\/wp\/wp-content\/uploads\/Implenia_Buero_10_25_02.jpg\" class=\"attachment-full size-full wp-post-image\" alt=\"\" srcset=\"https:\/\/www.profil-gmbh.net\/wp\/wp-content\/uploads\/Implenia_Buero_10_25_02-200x133.jpg 200w, https:\/\/www.profil-gmbh.net\/wp\/wp-content\/uploads\/Implenia_Buero_10_25_02-400x267.jpg 400w, https:\/\/www.profil-gmbh.net\/wp\/wp-content\/uploads\/Implenia_Buero_10_25_02-600x400.jpg 600w, https:\/\/www.profil-gmbh.net\/wp\/wp-content\/uploads\/Implenia_Buero_10_25_02-800x533.jpg 800w, https:\/\/www.profil-gmbh.net\/wp\/wp-content\/uploads\/Implenia_Buero_10_25_02-1200x800.jpg 1200w, https:\/\/www.profil-gmbh.net\/wp\/wp-content\/uploads\/Implenia_Buero_10_25_02.jpg 1920w\" sizes=\"auto, (max-width: 800px) 100vw, 1920px\" \/>\n\t\n\n\t\t<div class=\"fusion-rollover\">\n\t<div class=\"fusion-rollover-content\">\n\n\t\t\t\t\n\t\t\t\t\n\t\t\t\t\t\t\t\t\t\t\t\t<h4 class=\"fusion-rollover-title\">\n\t\t\t\t\t<a href=\"https:\/\/www.profil-gmbh.net\/?p=2148\">\n\t\t\t\t\t\t10.2025\t\t\t\t\t<\/a>\n\t\t\t\t<\/h4>\n\t\t\t\n\t\t\t\t\t\t\t\t\n\t\t\n\t\t\t\t<a class=\"fusion-link-wrapper\" href=\"https:\/\/www.profil-gmbh.net\/?p=2148\" aria-label=\"10.2025\"><\/a>\n\t<\/div>\n<\/div>\n\n\t\n<\/div>\n<\/li>\n\t\t\t\n\t\t\t\n\t\t\t\t\t\t\t\t\t\t\t\n\t\t\t\t\t\n\t\t\t\t\t\t\t\t\t\t\t<li>\n\t\t\t\t\t\t\t<div class=\"fusion-image-wrapper\">\n\t\t\t\t\t\t\t\t<a href=\"https:\/\/www.profil-gmbh.net\/?p=2148\" aria-label=\"10.2025\">\n\t\t\t\t\t\t\t\t\t<img loading=\"lazy\" decoding=\"async\" width=\"1920\" height=\"1280\" src=\"https:\/\/www.profil-gmbh.net\/wp\/wp-content\/uploads\/Implenia_Buero_10_25_01.jpg\" alt=\"\" class=\"wp-image-2146\" role=\"presentation\" srcset=\"https:\/\/www.profil-gmbh.net\/wp\/wp-content\/uploads\/Implenia_Buero_10_25_01-200x133.jpg 200w, https:\/\/www.profil-gmbh.net\/wp\/wp-content\/uploads\/Implenia_Buero_10_25_01-400x267.jpg 400w, https:\/\/www.profil-gmbh.net\/wp\/wp-content\/uploads\/Implenia_Buero_10_25_01-600x400.jpg 600w, https:\/\/www.profil-gmbh.net\/wp\/wp-content\/uploads\/Implenia_Buero_10_25_01-800x533.jpg 800w, https:\/\/www.profil-gmbh.net\/wp\/wp-content\/uploads\/Implenia_Buero_10_25_01-1200x800.jpg 1200w, https:\/\/www.profil-gmbh.net\/wp\/wp-content\/uploads\/Implenia_Buero_10_25_01.jpg 1920w\" sizes=\"auto, (max-width: 800px) 100vw, 1920px\" \/>\t\t\t\t\t\t\t\t<\/a>\n\t\t\t\t\t\t\t\t<a style=\"display:none;\" href=\"https:\/\/www.profil-gmbh.net\/wp\/wp-content\/uploads\/Implenia_Buero_10_25_01.jpg\" data-rel=\"iLightbox[gallery2148]\"  title=\"\" data-title=\"Implenia_Buero_10_25_01\" data-caption=\"\">\n\t\t\t\t\t\t\t\t\t\t\t\t\t\t\t\t\t<\/a>\n\t\t\t\t\t\t\t<\/div>\n\t\t\t\t\t\t<\/li>\n\t\t\t\t\t\t\t\t\t\t\t\t\t\t\t\t\t\t\t\t\t\t\t\t\t\t\t\t\t\t\t\t\t\t\t\t\t\t\t\t\t\t\t\t\t\t\t\t\t\t\t\t\t\t\t\t\t\t\t\t\t\t\t\t\t\t<\/ul>\n\t<\/div>\n\t<div class=\"fusion-post-content post-content\"><h2 class=\"blog-shortcode-post-title entry-title\">10.2025<\/h2><div class=\"fusion-post-content-container\"><div class=\"fusion-fullwidth fullwidth-box nonhundred-percent-fullwidth non-hundred-percent-height-scrolling\"  style='background-color: rgba(255,255,255,0);background-position: center center;background-repeat: no-repeat;padding-top:0px;padding-right:0px;padding-bottom:0px;padding-left:0px;'><div class=\"fusion-builder-row fusion-row \"><div  class=\"fusion-layout-column fusion_builder_column fusion_builder_column_1_1 fusion-builder-column-2 fusion-one-full fusion-column-first fusion-column-last 1_1\"  style='margin-top:0px;margin-bottom:0px;'>\n\t\t\t\t\t<div class=\"fusion-column-wrapper\" style=\"padding: 0px 0px 0px 0px;background-position:left top;background-repeat:no-repeat;-webkit-background-size:cover;-moz-background-size:cover;-o-background-size:cover;background-size:cover;\"   data-bg-url=\"\">\n\t\t\t\t\t\t<div class=\"fusion-text\"><p>10 \/ 2025 in D\u00fcsseldorf<\/p>\n<p>Das Unternehmen Implenia bezieht die neuen B\u00fcror\u00e4ume im EUREF Campus in D\u00fcsseldorf.<br \/>\nProfil liefert die Festeinbauten wie Lockerschr\u00e4nke, Garderoben und Wandverkleidungen.<\/p>\n<p>Wir w\u00fcnschen unserem Neukunden viel Gl\u00fcck und bedanken uns f\u00fcr die gute Zusammenarbeit.<\/p>\n<\/div><div class=\"fusion-clearfix\"><\/div>\n\n\t\t\t\t\t<\/div>\n\t\t\t\t<\/div><\/div><\/div>\n<\/div><\/div><div class=\"fusion-clearfix\"><\/div><\/article>\n<article id=\"blog-1-post-2125\" class=\"fusion-post-large post-2125 post type-post status-publish format-image has-post-thumbnail hentry category-messebau post_format-post-format-image\">\n\t<style type=\"text\/css\">\n\t\t\n\t\t\n\t\t\n\t\t\n\t\t\t<\/style>\n\n\n\t\t\t<div class=\"fusion-flexslider flexslider fusion-flexslider-loading fusion-post-slideshow\" style=\"\">\n\t\t<ul class=\"slides\">\n\t\t\t\n\t\t\t\t\t\t\t\t\t\t\t\t\t\t<li>\n\n<div  class=\"fusion-image-wrapper\" aria-haspopup=\"true\">\n\t\n\t\n\t\t\n\t\t\t\t\t<img loading=\"lazy\" decoding=\"async\" width=\"1920\" height=\"1280\" src=\"https:\/\/www.profil-gmbh.net\/wp\/wp-content\/uploads\/Viega_ISH_2025_01.jpg\" class=\"attachment-full size-full wp-post-image\" alt=\"\" srcset=\"https:\/\/www.profil-gmbh.net\/wp\/wp-content\/uploads\/Viega_ISH_2025_01-200x133.jpg 200w, https:\/\/www.profil-gmbh.net\/wp\/wp-content\/uploads\/Viega_ISH_2025_01-400x267.jpg 400w, https:\/\/www.profil-gmbh.net\/wp\/wp-content\/uploads\/Viega_ISH_2025_01-600x400.jpg 600w, https:\/\/www.profil-gmbh.net\/wp\/wp-content\/uploads\/Viega_ISH_2025_01-800x533.jpg 800w, https:\/\/www.profil-gmbh.net\/wp\/wp-content\/uploads\/Viega_ISH_2025_01-1200x800.jpg 1200w, https:\/\/www.profil-gmbh.net\/wp\/wp-content\/uploads\/Viega_ISH_2025_01.jpg 1920w\" sizes=\"auto, (max-width: 800px) 100vw, 1920px\" \/>\n\t\n\n\t\t<div class=\"fusion-rollover\">\n\t<div class=\"fusion-rollover-content\">\n\n\t\t\t\t\n\t\t\t\t\n\t\t\t\t\t\t\t\t\t\t\t\t<h4 class=\"fusion-rollover-title\">\n\t\t\t\t\t<a href=\"https:\/\/www.profil-gmbh.net\/?p=2125\">\n\t\t\t\t\t\t04.2025\t\t\t\t\t<\/a>\n\t\t\t\t<\/h4>\n\t\t\t\n\t\t\t\t\t\t\t\t\n\t\t\n\t\t\t\t<a class=\"fusion-link-wrapper\" href=\"https:\/\/www.profil-gmbh.net\/?p=2125\" aria-label=\"04.2025\"><\/a>\n\t<\/div>\n<\/div>\n\n\t\n<\/div>\n<\/li>\n\t\t\t\n\t\t\t\n\t\t\t\t\t\t\t\t\t\t\t\n\t\t\t\t\t\n\t\t\t\t\t\t\t\t\t\t\t<li>\n\t\t\t\t\t\t\t<div class=\"fusion-image-wrapper\">\n\t\t\t\t\t\t\t\t<a href=\"https:\/\/www.profil-gmbh.net\/?p=2125\" aria-label=\"04.2025\">\n\t\t\t\t\t\t\t\t\t<img loading=\"lazy\" decoding=\"async\" width=\"1920\" height=\"1280\" src=\"https:\/\/www.profil-gmbh.net\/wp\/wp-content\/uploads\/Viega_ISH_2025_02.jpg\" alt=\"\" class=\"wp-image-2128\" role=\"presentation\" srcset=\"https:\/\/www.profil-gmbh.net\/wp\/wp-content\/uploads\/Viega_ISH_2025_02-200x133.jpg 200w, https:\/\/www.profil-gmbh.net\/wp\/wp-content\/uploads\/Viega_ISH_2025_02-400x267.jpg 400w, https:\/\/www.profil-gmbh.net\/wp\/wp-content\/uploads\/Viega_ISH_2025_02-600x400.jpg 600w, https:\/\/www.profil-gmbh.net\/wp\/wp-content\/uploads\/Viega_ISH_2025_02-800x533.jpg 800w, https:\/\/www.profil-gmbh.net\/wp\/wp-content\/uploads\/Viega_ISH_2025_02-1200x800.jpg 1200w, https:\/\/www.profil-gmbh.net\/wp\/wp-content\/uploads\/Viega_ISH_2025_02.jpg 1920w\" sizes=\"auto, (max-width: 800px) 100vw, 1920px\" \/>\t\t\t\t\t\t\t\t<\/a>\n\t\t\t\t\t\t\t\t<a style=\"display:none;\" href=\"https:\/\/www.profil-gmbh.net\/wp\/wp-content\/uploads\/Viega_ISH_2025_02.jpg\" data-rel=\"iLightbox[gallery2125]\"  title=\"\" data-title=\"Viega_ISH_2025_02\" data-caption=\"\">\n\t\t\t\t\t\t\t\t\t\t\t\t\t\t\t\t\t<\/a>\n\t\t\t\t\t\t\t<\/div>\n\t\t\t\t\t\t<\/li>\n\t\t\t\t\t\t\t\t\t\t\t\t\t\t\t\t\t\t\t\t\t\t\t\t\n\t\t\t\t\t\n\t\t\t\t\t\t\t\t\t\t\t<li>\n\t\t\t\t\t\t\t<div class=\"fusion-image-wrapper\">\n\t\t\t\t\t\t\t\t<a href=\"https:\/\/www.profil-gmbh.net\/?p=2125\" aria-label=\"04.2025\">\n\t\t\t\t\t\t\t\t\t<img loading=\"lazy\" decoding=\"async\" width=\"1920\" height=\"1280\" src=\"https:\/\/www.profil-gmbh.net\/wp\/wp-content\/uploads\/Viega_ISH_2025_03.jpg\" alt=\"\" class=\"wp-image-2129\" role=\"presentation\" srcset=\"https:\/\/www.profil-gmbh.net\/wp\/wp-content\/uploads\/Viega_ISH_2025_03-200x133.jpg 200w, https:\/\/www.profil-gmbh.net\/wp\/wp-content\/uploads\/Viega_ISH_2025_03-400x267.jpg 400w, https:\/\/www.profil-gmbh.net\/wp\/wp-content\/uploads\/Viega_ISH_2025_03-600x400.jpg 600w, https:\/\/www.profil-gmbh.net\/wp\/wp-content\/uploads\/Viega_ISH_2025_03-800x533.jpg 800w, https:\/\/www.profil-gmbh.net\/wp\/wp-content\/uploads\/Viega_ISH_2025_03-1200x800.jpg 1200w, https:\/\/www.profil-gmbh.net\/wp\/wp-content\/uploads\/Viega_ISH_2025_03.jpg 1920w\" sizes=\"auto, (max-width: 800px) 100vw, 1920px\" \/>\t\t\t\t\t\t\t\t<\/a>\n\t\t\t\t\t\t\t\t<a style=\"display:none;\" href=\"https:\/\/www.profil-gmbh.net\/wp\/wp-content\/uploads\/Viega_ISH_2025_03.jpg\" data-rel=\"iLightbox[gallery2125]\"  title=\"\" data-title=\"Viega_ISH_2025_03\" data-caption=\"\">\n\t\t\t\t\t\t\t\t\t\t\t\t\t\t\t\t\t<\/a>\n\t\t\t\t\t\t\t<\/div>\n\t\t\t\t\t\t<\/li>\n\t\t\t\t\t\t\t\t\t\t\t\t\t\t\t\t\t\t\t\t\t\t\t\t\n\t\t\t\t\t\n\t\t\t\t\t\t\t\t\t\t\t<li>\n\t\t\t\t\t\t\t<div class=\"fusion-image-wrapper\">\n\t\t\t\t\t\t\t\t<a href=\"https:\/\/www.profil-gmbh.net\/?p=2125\" aria-label=\"04.2025\">\n\t\t\t\t\t\t\t\t\t<img loading=\"lazy\" decoding=\"async\" width=\"1920\" height=\"1280\" src=\"https:\/\/www.profil-gmbh.net\/wp\/wp-content\/uploads\/Viega_ISH_2025_04.jpg\" alt=\"\" class=\"wp-image-2130\" role=\"presentation\" srcset=\"https:\/\/www.profil-gmbh.net\/wp\/wp-content\/uploads\/Viega_ISH_2025_04-200x133.jpg 200w, https:\/\/www.profil-gmbh.net\/wp\/wp-content\/uploads\/Viega_ISH_2025_04-400x267.jpg 400w, https:\/\/www.profil-gmbh.net\/wp\/wp-content\/uploads\/Viega_ISH_2025_04-600x400.jpg 600w, https:\/\/www.profil-gmbh.net\/wp\/wp-content\/uploads\/Viega_ISH_2025_04-800x533.jpg 800w, https:\/\/www.profil-gmbh.net\/wp\/wp-content\/uploads\/Viega_ISH_2025_04-1200x800.jpg 1200w, https:\/\/www.profil-gmbh.net\/wp\/wp-content\/uploads\/Viega_ISH_2025_04.jpg 1920w\" sizes=\"auto, (max-width: 800px) 100vw, 1920px\" \/>\t\t\t\t\t\t\t\t<\/a>\n\t\t\t\t\t\t\t\t<a style=\"display:none;\" href=\"https:\/\/www.profil-gmbh.net\/wp\/wp-content\/uploads\/Viega_ISH_2025_04.jpg\" data-rel=\"iLightbox[gallery2125]\"  title=\"\" data-title=\"Viega_ISH_2025_04\" data-caption=\"\">\n\t\t\t\t\t\t\t\t\t\t\t\t\t\t\t\t\t<\/a>\n\t\t\t\t\t\t\t<\/div>\n\t\t\t\t\t\t<\/li>\n\t\t\t\t\t\t\t\t\t\t\t\t\t\t\t\t\t\t\t\t\t\t\t\t\t\t\t\t\t\t\t\t\t\t\t\t<\/ul>\n\t<\/div>\n\t<div class=\"fusion-post-content post-content\"><h2 class=\"blog-shortcode-post-title entry-title\">04.2025<\/h2><div class=\"fusion-post-content-container\"><div class=\"fusion-fullwidth fullwidth-box nonhundred-percent-fullwidth non-hundred-percent-height-scrolling\"  style='background-color: rgba(255,255,255,0);background-position: center center;background-repeat: no-repeat;padding-top:0px;padding-right:0px;padding-bottom:0px;padding-left:0px;'><div class=\"fusion-builder-row fusion-row \"><div  class=\"fusion-layout-column fusion_builder_column fusion_builder_column_1_1 fusion-builder-column-3 fusion-one-full fusion-column-first fusion-column-last 1_1\"  style='margin-top:0px;margin-bottom:0px;'>\n\t\t\t\t\t<div class=\"fusion-column-wrapper\" style=\"padding: 0px 0px 0px 0px;background-position:left top;background-repeat:no-repeat;-webkit-background-size:cover;-moz-background-size:cover;-o-background-size:cover;background-size:cover;\"   data-bg-url=\"\">\n\t\t\t\t\t\t<div class=\"fusion-text\"><p>Viega \/ ISH 2025 in Frankfurt<\/p>\n<p class=\"\" data-start=\"56\" data-end=\"181\">Wir sind stolz darauf, den beeindruckenden Viega-Stand auf der ISH Frankfurt 2025 mitgestaltet und realisiert zu haben!<\/p>\n<p class=\"\" data-start=\"183\" data-end=\"433\">In enger Zusammenarbeit mit der Designagentur Braunwagner, die Konzept und Design entwickelte, waren wir von der Projektplanung \u00fcber die Ausarbeitung und Fertigung bis hin zum Aufbau ma\u00dfgeblich an diesem au\u00dfergew\u00f6hnlichen Projekt beteiligt.<\/p>\n<p class=\"\" data-start=\"435\" data-end=\"569\">Mit 1.350 m\u00b2 Fl\u00e4che z\u00e4hlt dieser Messestand zu unseren gr\u00f6\u00dften und spannendsten Projekten \u2013 ein echtes Highlight unserer Arbeit!<\/p>\n<\/div><div class=\"fusion-clearfix\"><\/div>\n\n\t\t\t\t\t<\/div>\n\t\t\t\t<\/div><\/div><\/div>\n<\/div><\/div><div class=\"fusion-clearfix\"><\/div><\/article>\n<article id=\"blog-1-post-2110\" class=\"fusion-post-large post-2110 post type-post status-publish format-image has-post-thumbnail hentry category-messebau post_format-post-format-image\">\n\t<style type=\"text\/css\">\n\t\t\n\t\t\n\t\t\n\t\t\n\t\t\t<\/style>\n\n\n\t\t\t<div class=\"fusion-flexslider flexslider fusion-flexslider-loading fusion-post-slideshow\" style=\"\">\n\t\t<ul class=\"slides\">\n\t\t\t\n\t\t\t\t\t\t\t\t\t\t\t\t\t\t<li>\n\n<div  class=\"fusion-image-wrapper\" aria-haspopup=\"true\">\n\t\n\t\n\t\t\n\t\t\t\t\t<img loading=\"lazy\" decoding=\"async\" width=\"1920\" height=\"1280\" src=\"https:\/\/www.profil-gmbh.net\/wp\/wp-content\/uploads\/Vorwerk_office_world_01.jpg\" class=\"attachment-full size-full wp-post-image\" alt=\"\" srcset=\"https:\/\/www.profil-gmbh.net\/wp\/wp-content\/uploads\/Vorwerk_office_world_01-200x133.jpg 200w, https:\/\/www.profil-gmbh.net\/wp\/wp-content\/uploads\/Vorwerk_office_world_01-400x267.jpg 400w, https:\/\/www.profil-gmbh.net\/wp\/wp-content\/uploads\/Vorwerk_office_world_01-600x400.jpg 600w, https:\/\/www.profil-gmbh.net\/wp\/wp-content\/uploads\/Vorwerk_office_world_01-800x533.jpg 800w, https:\/\/www.profil-gmbh.net\/wp\/wp-content\/uploads\/Vorwerk_office_world_01-1200x800.jpg 1200w, https:\/\/www.profil-gmbh.net\/wp\/wp-content\/uploads\/Vorwerk_office_world_01.jpg 1920w\" sizes=\"auto, (max-width: 800px) 100vw, 1920px\" \/>\n\t\n\n\t\t<div class=\"fusion-rollover\">\n\t<div class=\"fusion-rollover-content\">\n\n\t\t\t\t\n\t\t\t\t\n\t\t\t\t\t\t\t\t\t\t\t\t<h4 class=\"fusion-rollover-title\">\n\t\t\t\t\t<a href=\"https:\/\/www.profil-gmbh.net\/?p=2110\">\n\t\t\t\t\t\t03.2025\t\t\t\t\t<\/a>\n\t\t\t\t<\/h4>\n\t\t\t\n\t\t\t\t\t\t\t\t\n\t\t\n\t\t\t\t<a class=\"fusion-link-wrapper\" href=\"https:\/\/www.profil-gmbh.net\/?p=2110\" aria-label=\"03.2025\"><\/a>\n\t<\/div>\n<\/div>\n\n\t\n<\/div>\n<\/li>\n\t\t\t\n\t\t\t\n\t\t\t\t\t\t\t\t\t\t\t\n\t\t\t\t\t\n\t\t\t\t\t\t\t\t\t\t\t<li>\n\t\t\t\t\t\t\t<div class=\"fusion-image-wrapper\">\n\t\t\t\t\t\t\t\t<a href=\"https:\/\/www.profil-gmbh.net\/?p=2110\" aria-label=\"03.2025\">\n\t\t\t\t\t\t\t\t\t<img loading=\"lazy\" decoding=\"async\" width=\"1920\" height=\"1280\" src=\"https:\/\/www.profil-gmbh.net\/wp\/wp-content\/uploads\/Vorwerk_office_world_02.jpg\" alt=\"\" class=\"wp-image-2112\" role=\"presentation\" srcset=\"https:\/\/www.profil-gmbh.net\/wp\/wp-content\/uploads\/Vorwerk_office_world_02-200x133.jpg 200w, https:\/\/www.profil-gmbh.net\/wp\/wp-content\/uploads\/Vorwerk_office_world_02-400x267.jpg 400w, https:\/\/www.profil-gmbh.net\/wp\/wp-content\/uploads\/Vorwerk_office_world_02-600x400.jpg 600w, https:\/\/www.profil-gmbh.net\/wp\/wp-content\/uploads\/Vorwerk_office_world_02-800x533.jpg 800w, https:\/\/www.profil-gmbh.net\/wp\/wp-content\/uploads\/Vorwerk_office_world_02-1200x800.jpg 1200w, https:\/\/www.profil-gmbh.net\/wp\/wp-content\/uploads\/Vorwerk_office_world_02.jpg 1920w\" sizes=\"auto, (max-width: 800px) 100vw, 1920px\" \/>\t\t\t\t\t\t\t\t<\/a>\n\t\t\t\t\t\t\t\t<a style=\"display:none;\" href=\"https:\/\/www.profil-gmbh.net\/wp\/wp-content\/uploads\/Vorwerk_office_world_02.jpg\" data-rel=\"iLightbox[gallery2110]\"  title=\"\" data-title=\"Vorwerk_office_world_02\" data-caption=\"\">\n\t\t\t\t\t\t\t\t\t\t\t\t\t\t\t\t\t<\/a>\n\t\t\t\t\t\t\t<\/div>\n\t\t\t\t\t\t<\/li>\n\t\t\t\t\t\t\t\t\t\t\t\t\t\t\t\t\t\t\t\t\t\t\t\t\n\t\t\t\t\t\n\t\t\t\t\t\t\t\t\t\t\t<li>\n\t\t\t\t\t\t\t<div class=\"fusion-image-wrapper\">\n\t\t\t\t\t\t\t\t<a href=\"https:\/\/www.profil-gmbh.net\/?p=2110\" aria-label=\"03.2025\">\n\t\t\t\t\t\t\t\t\t<img loading=\"lazy\" decoding=\"async\" width=\"1920\" height=\"1280\" src=\"https:\/\/www.profil-gmbh.net\/wp\/wp-content\/uploads\/Vorwerk_office_world_03.jpg\" alt=\"\" class=\"wp-image-2113\" role=\"presentation\" srcset=\"https:\/\/www.profil-gmbh.net\/wp\/wp-content\/uploads\/Vorwerk_office_world_03-200x133.jpg 200w, https:\/\/www.profil-gmbh.net\/wp\/wp-content\/uploads\/Vorwerk_office_world_03-400x267.jpg 400w, https:\/\/www.profil-gmbh.net\/wp\/wp-content\/uploads\/Vorwerk_office_world_03-600x400.jpg 600w, https:\/\/www.profil-gmbh.net\/wp\/wp-content\/uploads\/Vorwerk_office_world_03-800x533.jpg 800w, https:\/\/www.profil-gmbh.net\/wp\/wp-content\/uploads\/Vorwerk_office_world_03-1200x800.jpg 1200w, https:\/\/www.profil-gmbh.net\/wp\/wp-content\/uploads\/Vorwerk_office_world_03.jpg 1920w\" sizes=\"auto, (max-width: 800px) 100vw, 1920px\" \/>\t\t\t\t\t\t\t\t<\/a>\n\t\t\t\t\t\t\t\t<a style=\"display:none;\" href=\"https:\/\/www.profil-gmbh.net\/wp\/wp-content\/uploads\/Vorwerk_office_world_03.jpg\" data-rel=\"iLightbox[gallery2110]\"  title=\"\" data-title=\"Vorwerk_office_world_03\" data-caption=\"\">\n\t\t\t\t\t\t\t\t\t\t\t\t\t\t\t\t\t<\/a>\n\t\t\t\t\t\t\t<\/div>\n\t\t\t\t\t\t<\/li>\n\t\t\t\t\t\t\t\t\t\t\t\t\t\t\t\t\t\t\t\t\t\t\t\t\t\t\t\t\t\t\t\t\t\t\t\t\t\t\t\t\t\t\t\t\t\t\t\t\t\t\t<\/ul>\n\t<\/div>\n\t<div class=\"fusion-post-content post-content\"><h2 class=\"blog-shortcode-post-title entry-title\">03.2025<\/h2><div class=\"fusion-post-content-container\"><div class=\"fusion-fullwidth fullwidth-box nonhundred-percent-fullwidth non-hundred-percent-height-scrolling\"  style='background-color: rgba(255,255,255,0);background-position: center center;background-repeat: no-repeat;padding-top:0px;padding-right:0px;padding-bottom:0px;padding-left:0px;'><div class=\"fusion-builder-row fusion-row \"><div  class=\"fusion-layout-column fusion_builder_column fusion_builder_column_1_1 fusion-builder-column-4 fusion-one-full fusion-column-first fusion-column-last 1_1\"  style='margin-top:0px;margin-bottom:0px;'>\n\t\t\t\t\t<div class=\"fusion-column-wrapper\" style=\"padding: 0px 0px 0px 0px;background-position:left top;background-repeat:no-repeat;-webkit-background-size:cover;-moz-background-size:cover;-o-background-size:cover;background-size:cover;\"   data-bg-url=\"\">\n\t\t\t\t\t\t<div class=\"fusion-text\"><p>Ready!<\/p>\n<p>Wir begl\u00fcckw\u00fcnschen unseren Kunden Vorwerk zur neuen Office World im Wuppertaler Rauental.<\/p>\n<p>Es war ein aufregendes und anspruchsvolles Projekt, das uns gro\u00dfe Freude bereitet hat. Gemeinsam mit allen Beteiligten durften wir die R\u00e4ume der neuen Firmenzentrale kreativ mitgestalten, was uns sehr begeistert hat.<\/p>\n<\/div><div class=\"fusion-clearfix\"><\/div>\n\n\t\t\t\t\t<\/div>\n\t\t\t\t<\/div><\/div><\/div>\n<\/div><\/div><div class=\"fusion-clearfix\"><\/div><\/article>\n<article id=\"blog-1-post-2089\" class=\"fusion-post-large post-2089 post type-post status-publish format-image has-post-thumbnail hentry category-sonstiges post_format-post-format-image\">\n\t<style type=\"text\/css\">\n\t\t\n\t\t\n\t\t\n\t\t\n\t\t\t<\/style>\n\n\n\t\t\t<div class=\"fusion-flexslider flexslider fusion-flexslider-loading fusion-post-slideshow\" style=\"\">\n\t\t<ul class=\"slides\">\n\t\t\t\n\t\t\t\t\t\t\t\t\t\t\t\t\t\t<li>\n\n<div  class=\"fusion-image-wrapper\" aria-haspopup=\"true\">\n\t\n\t\n\t\t\n\t\t\t\t\t<img loading=\"lazy\" decoding=\"async\" width=\"1920\" height=\"1280\" src=\"https:\/\/www.profil-gmbh.net\/wp\/wp-content\/uploads\/Vorwerk_office_world_08_2024.jpg\" class=\"attachment-full size-full wp-post-image\" alt=\"\" srcset=\"https:\/\/www.profil-gmbh.net\/wp\/wp-content\/uploads\/Vorwerk_office_world_08_2024-200x133.jpg 200w, https:\/\/www.profil-gmbh.net\/wp\/wp-content\/uploads\/Vorwerk_office_world_08_2024-400x267.jpg 400w, https:\/\/www.profil-gmbh.net\/wp\/wp-content\/uploads\/Vorwerk_office_world_08_2024-600x400.jpg 600w, https:\/\/www.profil-gmbh.net\/wp\/wp-content\/uploads\/Vorwerk_office_world_08_2024-800x533.jpg 800w, https:\/\/www.profil-gmbh.net\/wp\/wp-content\/uploads\/Vorwerk_office_world_08_2024-1200x800.jpg 1200w, https:\/\/www.profil-gmbh.net\/wp\/wp-content\/uploads\/Vorwerk_office_world_08_2024.jpg 1920w\" sizes=\"auto, (max-width: 800px) 100vw, 1920px\" \/>\n\t\n\n\t\t<div class=\"fusion-rollover\">\n\t<div class=\"fusion-rollover-content\">\n\n\t\t\t\t\n\t\t\t\t\n\t\t\t\t\t\t\t\t\t\t\t\t<h4 class=\"fusion-rollover-title\">\n\t\t\t\t\t<a href=\"https:\/\/www.profil-gmbh.net\/?p=2089\">\n\t\t\t\t\t\t08.2024\t\t\t\t\t<\/a>\n\t\t\t\t<\/h4>\n\t\t\t\n\t\t\t\t\t\t\t\t\n\t\t\n\t\t\t\t<a class=\"fusion-link-wrapper\" href=\"https:\/\/www.profil-gmbh.net\/?p=2089\" aria-label=\"08.2024\"><\/a>\n\t<\/div>\n<\/div>\n\n\t\n<\/div>\n<\/li>\n\t\t\t\n\t\t\t\n\t\t\t\t\t\t\t\t\t\t\t\t\t\t\t\t\t\t\t\t\t\t\t\t\t\t\t\t\t\t\t\t\t\t\t\t\t\t\t\t\t\t\t\t\t\t\t\t\t\t\t\t\t\t\t\t\t\t\t\t\t\t\t\t\t\t\t\t<\/ul>\n\t<\/div>\n\t<div class=\"fusion-post-content post-content\"><h2 class=\"blog-shortcode-post-title entry-title\">08.2024<\/h2><div class=\"fusion-post-content-container\"><div class=\"fusion-fullwidth fullwidth-box nonhundred-percent-fullwidth non-hundred-percent-height-scrolling\"  style='background-color: rgba(255,255,255,0);background-position: center center;background-repeat: no-repeat;padding-top:0px;padding-right:0px;padding-bottom:0px;padding-left:0px;'><div class=\"fusion-builder-row fusion-row \"><div  class=\"fusion-layout-column fusion_builder_column fusion_builder_column_1_1 fusion-builder-column-5 fusion-one-full fusion-column-first fusion-column-last 1_1\"  style='margin-top:0px;margin-bottom:0px;'>\n\t\t\t\t\t<div class=\"fusion-column-wrapper\" style=\"padding: 0px 0px 0px 0px;background-position:left top;background-repeat:no-repeat;-webkit-background-size:cover;-moz-background-size:cover;-o-background-size:cover;background-size:cover;\"   data-bg-url=\"\">\n\t\t\t\t\t\t<div class=\"fusion-text\"><p>Auf gehts,<\/p>\n<p>wir starten mit den M\u00f6belfesteinbauten in der 9.500 m\u00b2 gro\u00dfen New Office World unseres Kunden <strong>Vorwerk<\/strong> im Wuppertaler Rauental.<\/p>\n<\/div><div class=\"fusion-clearfix\"><\/div>\n\n\t\t\t\t\t<\/div>\n\t\t\t\t<\/div><\/div><\/div>\n<\/div><\/div><div class=\"fusion-clearfix\"><\/div><\/article>\n<\/div><div class=\"pagination clearfix\"><span class=\"current\">1<\/span><a href=\"https:\/\/www.profil-gmbh.net\/index.php?rest_route=%2Fwp%2Fv2%2Fpages%2F1168&#038;paged=2\" class=\"inactive\">2<\/a><a class=\"pagination-next\" href=\"https:\/\/www.profil-gmbh.net\/index.php?rest_route=%2Fwp%2Fv2%2Fpages%2F1168&#038;paged=2\"><span class=\"page-text\">Next<\/span><span class=\"page-next\"><\/span><\/a><\/div><div class=\"fusion-clearfix\"><\/div><\/div><div class=\"fusion-clearfix\"><\/div>\n\n\t\t\t\t\t<\/div>\n\t\t\t\t<\/div><\/div><\/div>\n","protected":false},"excerpt":{"rendered":"","protected":false},"author":1,"featured_media":0,"parent":0,"menu_order":32,"comment_status":"closed","ping_status":"closed","template":"","meta":{"footnotes":""},"class_list":["post-1168","page","type-page","status-publish","hentry"],"_links":{"self":[{"href":"https:\/\/www.profil-gmbh.net\/index.php?rest_route=\/wp\/v2\/pages\/1168","targetHints":{"allow":["GET"]}}],"collection":[{"href":"https:\/\/www.profil-gmbh.net\/index.php?rest_route=\/wp\/v2\/pages"}],"about":[{"href":"https:\/\/www.profil-gmbh.net\/index.php?rest_route=\/wp\/v2\/types\/page"}],"author":[{"embeddable":true,"href":"https:\/\/www.profil-gmbh.net\/index.php?rest_route=\/wp\/v2\/users\/1"}],"replies":[{"embeddable":true,"href":"https:\/\/www.profil-gmbh.net\/index.php?rest_route=%2Fwp%2Fv2%2Fcomments&post=1168"}],"version-history":[{"count":20,"href":"https:\/\/www.profil-gmbh.net\/index.php?rest_route=\/wp\/v2\/pages\/1168\/revisions"}],"predecessor-version":[{"id":2109,"href":"https:\/\/www.profil-gmbh.net\/index.php?rest_route=\/wp\/v2\/pages\/1168\/revisions\/2109"}],"wp:attachment":[{"href":"https:\/\/www.profil-gmbh.net\/index.php?rest_route=%2Fwp%2Fv2%2Fmedia&parent=1168"}],"curies":[{"name":"wp","href":"https:\/\/api.w.org\/{rel}","templated":true}]}}